{"id":75,"date":"2023-03-01T13:36:51","date_gmt":"2023-03-01T12:36:51","guid":{"rendered":"https:\/\/www.cashscope.es\/?page_id=75"},"modified":"2023-11-05T17:42:47","modified_gmt":"2023-11-05T16:42:47","slug":"aviso-legal","status":"publish","type":"page","link":"https:\/\/www.cashscope.es\/en\/aviso-legal\/","title":{"rendered":"Aviso legal"},"content":{"rendered":"<h2>TITULARIDAD<\/h2>\n<p>En cumplimiento de las obligaciones establecidas en el art\u00edculo 10 de la Ley 34\/2002, de 11 de julio, de Servicios de la Sociedad de la Informaci\u00f3n y Comercio Electr\u00f3nico, se hace constar que esta p\u00e1gina corresponde a la entidad:<\/p>\n<p>Titular: CASHSCOPE SOLUTIONS S.L. &#8211;\u00a0B74211434<br \/>\nDomicilio: AVENIDA GALICIA 38 - 33005 OVIEDO<br \/>\nTfno: 696 955 531<br \/>\nMail: cashscopesolutions@gmail.com<br \/>\nWeb: www.cashscope.es<br \/>\nSociedad inscrita en el Registro Mercantil de [Asturias]. Tomo [3630], Folio [29], Hoja [AS36936].<\/p>\n<p>Para cualquier consulta, puede contactar con CASHSCOPE SOLUTIONS S.L. en cashscopesolutions@gmail.com\u00a0o en el tel\u00e9fono 696 955 531. Puedes dirigirte de cualquier forma para comunicarte con nosotros.<\/p>\n<h2>OBJETO Y AMBITO DE LA WEB<\/h2>\n<p>Las presentes Condiciones Generales de Contrataci\u00f3n y Utilizaci\u00f3n tienen por objeto regular la puesta a disposici\u00f3n de la informaci\u00f3n suministrada en la web de CASHSCOPE SOLUTIONS S.L., as\u00ed como las transacciones comerciales que surjan entre CASHSCOPE SOLUTIONS S.L. y los usuarios del dominio www.cashscope.es. Tanto la navegaci\u00f3n por la web como la adquisici\u00f3n de cualquiera de los productos ofertados en ella, suponen la aceptaci\u00f3n como usuario, sin reservas de ninguna clase, de todas y cada una de las presentes condiciones generales de contrataci\u00f3n y utilizaci\u00f3n. CASHSCOPE SOLUTIONS S.L. podr\u00e1 modificar la p\u00e1gina web para efectuar cuantos cambios y modificaciones estime convenientes y crea necesarios para la adecuada funcionalidad de la misma, sin necesidad de previo aviso.<\/p>\n<h2>USUARIOS<\/h2>\n<p>El acceso y\/o uso de este portal de CASHSCOPE SOLUTIONS S.L. atribuye la condici\u00f3n de USUARIO, que acepta, desde dicho acceso y\/o uso, las Condiciones Generales de Uso aqu\u00ed reflejadas. El acceso a la p\u00e1gina web ser\u00e1 voluntario, y, por tanto, responsabilidad del usuario, quien ser\u00e1 responsable de todo efecto directo o indirecto que por el uso que haga del sitio web se derive, incluyendo, de forma enunciativa y no limitativa, todo resultado econ\u00f3mico, t\u00e9cnico y\/o jur\u00eddico adverso, as\u00ed como la defraudaci\u00f3n de las expectativas generadas por nuestro sitio web, oblig\u00e1ndose el usuario a mantener indemne a CASHSCOPE SOLUTIONS S.L. por cualesquiera reclamaciones derivadas, directa o indirectamente de tales hechos.<\/p>\n<h2>USO DEL PORTAL<\/h2>\n<p>www.cashscope.es proporciona el acceso a multitud de informaciones, servicios, programas o datos (en adelante, \u201clos contenidos\u201d) en Internet pertenecientes a CASHSCOPE SOLUTIONS S.L. o a sus licenciantes a los que el USUARIO pueda tener acceso. El USUARIO asume la responsabilidad del uso del portal. Dicha responsabilidad se extiende al registro que fuese necesario para acceder a determinados servicios o contenidos. En dicho registro el USUARIO ser\u00e1 responsable de aportar informaci\u00f3n veraz y l\u00edcita. Como consecuencia de este registro, al USUARIO se le puede proporcionar una contrase\u00f1a de la que ser\u00e1 responsable, comprometi\u00e9ndose a hacer un uso diligente y confidencial de la misma. El USUARIO se compromete a hacer un uso adecuado de los contenidos y servicios (como por ejemplo servicios de chat, foros de discusi\u00f3n o grupos de noticias) que CASHSCOPE SOLUTIONS S.L. puede ofrece a trav\u00e9s de su portal y con car\u00e1cter enunciativo pero no limitativo, a no emplearlos para (i) incurrir en actividades il\u00edcitas, ilegales o contrarias a la buena fe y al orden p\u00fablico; (ii) difundir contenidos o propaganda de car\u00e1cter racista, xen\u00f3fobo, pornogr\u00e1fico-ilegal, de apolog\u00eda del terrorismo o atentatorio contra los derechos humanos; (iii) provocar da\u00f1os en los sistemas f\u00edsicos y l\u00f3gicos de CASHSCOPE SOLUTIONS S.L., de sus proveedores o de terceras personas, introducir o difundir en la red virus inform\u00e1ticos o cualesquiera otros sistemas f\u00edsicos o l\u00f3gicos que sean susceptibles de provocar los da\u00f1os anteriormente mencionados; (iv) intentar acceder y, en su caso, utilizar las cuentas de correo electr\u00f3nico de otros usuarios y modificar o manipular sus mensajes. CASHSCOPE SOLUTIONS S.L. se reserva el derecho de retirar todos aquellos comentarios y aportaciones que vulneren el respeto a la dignidad de la persona, que sean discriminatorios, xen\u00f3fobos, racistas, pornogr\u00e1ficos, que atenten contra la juventud o la infancia, el orden o la seguridad p\u00fablica o que, a su juicio, no resultaran adecuados para su publicaci\u00f3n. En cualquier caso, CASHSCOPE SOLUTIONS S.L. no ser\u00e1 responsable de las opiniones vertidas por los usuarios a trav\u00e9s de los foros, chats, u otras herramientas de participaci\u00f3n.<\/p>\n<h2>PROPIEDAD INTELECTUAL E INDUSTRIAL<\/h2>\n<p>CASHSCOPE SOLUTIONS S.L. por s\u00ed o como cesionaria, es titular de todos los derechos de propiedad intelectual e industrial de su p\u00e1gina web, as\u00ed como de los elementos contenidos en la misma (a t\u00edtulo enunciativo, im\u00e1genes, sonido, audio, v\u00eddeo, software o textos; marcas o logotipos, combinaciones de colores, estructura y dise\u00f1o, selecci\u00f3n de materiales usados, programas de ordenador necesarios para su funcionamiento, acceso y uso, etc.), titularidad de CASHSCOPE SOLUTIONS S.L. o bien de sus licenciantes. Todos los derechos reservados. En virtud de lo dispuesto en los art\u00edculos 8 y 32.1, p\u00e1rrafo segundo, de la Ley de Propiedad Intelectual, quedan expresamente prohibidas la reproducci\u00f3n, la distribuci\u00f3n y la comunicaci\u00f3n p\u00fablica, incluida su modalidad de puesta a disposici\u00f3n, de la totalidad o parte de los contenidos de esta p\u00e1gina web, con fines comerciales, en cualquier soporte y por cualquier medio t\u00e9cnico, sin la autorizaci\u00f3n de CASHSCOPE SOLUTIONS S.L..<\/p>\n<p>El USUARIO se compromete a respetar los derechos de Propiedad Intelectual e Industrial titularidad de CASHSCOPE SOLUTIONS S.L.. Podr\u00e1 visualizar los elementos del portal e incluso imprimirlos, copiarlos y almacenarlos en el disco duro de su ordenador o en cualquier otro soporte f\u00edsico siempre y cuando sea, \u00fanica y exclusivamente, para su uso personal y privado. El USUARIO deber\u00e1 abstenerse de suprimir, alterar, eludir o manipular cualquier dispositivo de protecci\u00f3n o sistema de seguridad que estuviera instalado en el las p\u00e1ginas de CASHSCOPE SOLUTIONS S.L..<\/p>\n<p>Queda prohibido, por tanto, el uso de la p\u00e1gina web de CASHSCOPE SOLUTIONS S.L. con fines p\u00fablicos o comerciales, por lo que no se podr\u00e1 explotar, reproducir, distribuir, modificar, comunicar p\u00fablicamente, ceder, transformar o usar el contenido de la web.<\/p>\n<p>Queda expresamente prohibida la introducci\u00f3n de hiperenlaces con fines mercantiles en p\u00e1ginas web ajenas a CASHSCOPE SOLUTIONS S.L., que permitan el acceso a nuestro sitio web, sin consentimiento previo. En todo caso, la existencia de hiperenlaces en sitios web ajenos a nosotros, no implicar\u00e1 en ning\u00fan caso la existencia de relaciones comerciales o mercantiles con el titular de la p\u00e1gina web donde se establezca el hiperenlace, ni la aceptaci\u00f3n por parte de CASHSCOPE SOLUTIONS S.L. de sus contenidos o servicios.<\/p>\n<h2>DIRECCIONES IP<\/h2>\n<p>Los servidores del sitio web podr\u00e1n detectar de manera autom\u00e1tica la direcci\u00f3n IP y el nombre de dominio utilizados por el usuario. Una direcci\u00f3n IP es un n\u00famero asignado autom\u00e1ticamente a un ordenador cuando \u00e9sta se conecta a Internet. Toda esta informaci\u00f3n es registrada en un fichero de actividad del servidor debidamente inscrito que permite el posterior procesamiento de los datos con el fin de obtener mediciones \u00fanicamente estad\u00edsticas que permitan conocer el n\u00famero de impresiones de p\u00e1ginas, el n\u00famero de visitas realizadas a los servicios web, el orden de visitas, el punto de acceso, etc.<\/p>\n<h2>EXCLUSI\u00d3N DE GARANT\u00cdAS Y RESPONSABILIDAD<\/h2>\n<p>CASHSCOPE SOLUTIONS S.L. no se hace responsable de los perjuicios que se pudieran derivar de interferencias, omisiones, interrupciones, virus inform\u00e1ticos, aver\u00edas y\/o desconexiones en el funcionamiento operativo de este sistema electr\u00f3nico o en los aparatos y equipos inform\u00e1ticos de los usuarios, motivadas por causas ajenas a CASHSCOPE SOLUTIONS S.L., que impidan o retrasen la prestaci\u00f3n de los servicios o la navegaci\u00f3n por la web, ni de los retrasos o bloqueos en el uso causados por deficiencias o sobrecargas de Internet o en otros sistemas electr\u00f3nicos, ni de la imposibilidad de dar el servicio o permitir el acceso por causas no imputables a CASHSCOPE SOLUTIONS S.L., debidas al usuario, a terceros, o a supuestos de fuerza mayor. CASHSCOPE SOLUTIONS S.L. no controla, con car\u00e1cter general, la utilizaci\u00f3n que los usuarios hacen del sitio web. En particular, CASHSCOPE SOLUTIONS S.L. no responde en ning\u00fan caso de que los usuarios utilicen el sitio web de conformidad con la ley, las presentes Condiciones Generales, la moral y buenas costumbres generalmente aceptadas y el orden p\u00fablico, ni tampoco que lo hagan de forma diligente y prudente.<\/p>\n<p>Los productos presentados en el sitio web son conformes a la legislaci\u00f3n espa\u00f1ola. La responsabilidad de CASHSCOPE SOLUTIONS S.L. no puede invocarse en el caso de productos no conformes a la legislaci\u00f3n de los pa\u00edses a los que hayan podido ser enviados en funci\u00f3n del pedido del cliente. Corresponde pues, a los clientes de fuera de Espa\u00f1a el verificar la posibilidad de importar o utilizar los productos que nos soliciten.<\/p>\n<h2>MODIFICACIONES<\/h2>\n<p>CASHSCOPE SOLUTIONS S.L. se reserva el derecho de efectuar sin previo aviso las modificaciones que considere oportunas en su portal, pudiendo cambiar, suprimir o a\u00f1adir tanto los contenidos y servicios que se presten a trav\u00e9s de la misma como la forma en la que \u00e9stos aparezcan presentados o localizados en su portal.<\/p>\n<h2>ENLACES<\/h2>\n<p>En el caso de que en www.cashscope.es se dispusiesen enlaces o hiperv\u00ednculos hac\u00eda otros sitios de Internet, CASHSCOPE SOLUTIONS S.L. no ejercer\u00e1 ning\u00fan tipo de control sobre dichos sitios y contenidos. En ning\u00fan caso CASHSCOPE SOLUTIONS S.L. asumir\u00e1 responsabilidad alguna por los contenidos de alg\u00fan enlace perteneciente a un sitio web ajeno, ni garantizar\u00e1 la disponibilidad t\u00e9cnica, calidad, fiabilidad, exactitud, amplitud, veracidad, validez y constitucionalidad de cualquier material o informaci\u00f3n contenida en ninguno de dichos hiperv\u00ednculos u otros sitios de Internet. Igualmente la inclusi\u00f3n de estas conexiones externas no implicar\u00e1 ning\u00fan tipo de asociaci\u00f3n, fusi\u00f3n o participaci\u00f3n con las entidades conectadas.<\/p>\n<h2>DERECHO DE EXCLUSI\u00d3N<\/h2>\n<p>CASHSCOPE SOLUTIONS S.L. se reserva el derecho a denegar o retirar el acceso a portal y\/o los servicios ofrecidos sin necesidad de preaviso, a instancia propia o de un tercero, a aquellos usuarios que incumplan las presentes Condiciones Generales de Uso.<\/p>\n<h2>GENERALIDADES<\/h2>\n<p>CASHSCOPE SOLUTIONS S.L. perseguir\u00e1 el incumplimiento de las presentes condiciones as\u00ed como cualquier utilizaci\u00f3n indebida de su portal ejerciendo todas las acciones civiles y penales que le puedan corresponder en derecho.<\/p>\n<h2>MODIFICACI\u00d3N DE LAS PRESENTES CONDICIONES Y DURACI\u00d3N<\/h2>\n<p>CASHSCOPE SOLUTIONS S.L. podr\u00e1 modificar en cualquier momento las condiciones aqu\u00ed determinadas, siendo debidamente publicadas como aqu\u00ed aparecen. La vigencia de las citadas condiciones ir\u00e1 en funci\u00f3n de su exposici\u00f3n y estar\u00e1n vigentes hasta que sean modificadas por otras debidamente publicadas.<span class=\"Apple-converted-space\">\u00a0<\/span><\/p>\n<h2>SEGURIDAD<\/h2>\n<p>El sitio web utiliza t\u00e9cnicas de seguridad de la informaci\u00f3n generalmente aceptadas en la industria, tales como firewalls, procedimientos de control de acceso y mecanismos criptogr\u00e1ficos, todo ello con el objeto de evitar el acceso no autorizado a los datos. Para lograr estos fines, el usuario\/cliente acepta que el prestador obtenga datos para efectos de la correspondiente autenticaci\u00f3n de los controles de acceso.<\/p>\n<p>Todo proceso de contrataci\u00f3n o que conlleve la introducci\u00f3n de datos personales de car\u00e1cter alto (salud, ideolog\u00eda\u2026) ser\u00e1n siempre transmitidos mediante protocolo de comunicaci\u00f3n segura (https:\/\/), de tal forma que ning\u00fan tercero tenga acceso a la informaci\u00f3n transmitida v\u00eda electr\u00f3nica.<\/p>\n<h2>LEGISLACI\u00d3N APLICABLE Y JURISDICCI\u00d3N<\/h2>\n<p>La relaci\u00f3n entre CASHSCOPE SOLUTIONS S.L. y el USUARIO se regir\u00e1 por la normativa espa\u00f1ola vigente y cualquier controversia se someter\u00e1 a los Juzgados y tribunales que corresponda.<\/p>\n","protected":false},"excerpt":{"rendered":"<p>TITULARIDAD En cumplimiento de las obligaciones establecidas en el art\u00edculo 10 de la Ley 34\/2002, de 11 de julio, de Servicios de la Sociedad de la Informaci\u00f3n y Comercio Electr\u00f3nico, se hace constar que esta p\u00e1gina corresponde a la entidad: Titular: &#8211;\u00a0 Domicilio: Tfno: Mail: Web: Para cualquier consulta, puede contactar con en \u00a0o en [&hellip;]<\/p>\n","protected":false},"author":1,"featured_media":0,"parent":0,"menu_order":4,"comment_status":"closed","ping_status":"closed","template":"","meta":{"footnotes":""},"class_list":["post-75","page","type-page","status-publish","hentry"],"yoast_head":"<!-- This site is optimized with the Yoast SEO plugin v27.4 - https:\/\/yoast.com\/product\/yoast-seo-wordpress\/ -->\n<title>Aviso legal - CASHSCOPE SOLUTIONS<\/title>\n<meta name=\"description\" content=\"Aviso legal de CASHSCOPE SOLUTIONS\" \/>\n<meta name=\"robots\" content=\"index, follow, max-snippet:-1, max-image-preview:large, max-video-preview:-1\" \/>\n<link rel=\"canonical\" href=\"https:\/\/www.cashscope.es\/en\/aviso-legal\/\" \/>\n<meta property=\"og:locale\" content=\"en_US\" \/>\n<meta property=\"og:type\" content=\"article\" \/>\n<meta property=\"og:title\" content=\"Aviso legal - CASHSCOPE SOLUTIONS\" \/>\n<meta property=\"og:description\" content=\"Aviso legal de CASHSCOPE SOLUTIONS\" \/>\n<meta property=\"og:url\" content=\"https:\/\/www.cashscope.es\/en\/aviso-legal\/\" \/>\n<meta property=\"og:site_name\" content=\"CASHSCOPE SOLUTIONS\" \/>\n<meta property=\"article:modified_time\" content=\"2023-11-05T16:42:47+00:00\" \/>\n<meta name=\"twitter:card\" content=\"summary_large_image\" \/>\n<script type=\"application\/ld+json\" class=\"yoast-schema-graph\">{\"@context\":\"https:\\\/\\\/schema.org\",\"@graph\":[{\"@type\":\"WebPage\",\"@id\":\"https:\\\/\\\/www.cashscope.es\\\/aviso-legal\\\/\",\"url\":\"https:\\\/\\\/www.cashscope.es\\\/aviso-legal\\\/\",\"name\":\"Aviso legal - CASHSCOPE SOLUTIONS\",\"isPartOf\":{\"@id\":\"https:\\\/\\\/www.cashscope.es\\\/#website\"},\"datePublished\":\"2023-03-01T12:36:51+00:00\",\"dateModified\":\"2023-11-05T16:42:47+00:00\",\"description\":\"Aviso legal de CASHSCOPE SOLUTIONS\",\"breadcrumb\":{\"@id\":\"https:\\\/\\\/www.cashscope.es\\\/aviso-legal\\\/#breadcrumb\"},\"inLanguage\":\"en-US\",\"potentialAction\":[{\"@type\":\"ReadAction\",\"target\":[\"https:\\\/\\\/www.cashscope.es\\\/aviso-legal\\\/\"]}]},{\"@type\":\"BreadcrumbList\",\"@id\":\"https:\\\/\\\/www.cashscope.es\\\/aviso-legal\\\/#breadcrumb\",\"itemListElement\":[{\"@type\":\"ListItem\",\"position\":1,\"name\":\"Inicio\",\"item\":\"https:\\\/\\\/www.cashscope.es\\\/\"},{\"@type\":\"ListItem\",\"position\":2,\"name\":\"Aviso legal\"}]},{\"@type\":\"WebSite\",\"@id\":\"https:\\\/\\\/www.cashscope.es\\\/#website\",\"url\":\"https:\\\/\\\/www.cashscope.es\\\/\",\"name\":\"CASHSCOPE SOLUTIONS\",\"description\":\"Descripci\u00f3n de la web\",\"potentialAction\":[{\"@type\":\"SearchAction\",\"target\":{\"@type\":\"EntryPoint\",\"urlTemplate\":\"https:\\\/\\\/www.cashscope.es\\\/?s={search_term_string}\"},\"query-input\":{\"@type\":\"PropertyValueSpecification\",\"valueRequired\":true,\"valueName\":\"search_term_string\"}}],\"inLanguage\":\"en-US\"}]}<\/script>\n<!-- \/ Yoast SEO plugin. -->","yoast_head_json":{"title":"Aviso legal - CASHSCOPE SOLUTIONS","description":"Aviso legal de CASHSCOPE SOLUTIONS","robots":{"index":"index","follow":"follow","max-snippet":"max-snippet:-1","max-image-preview":"max-image-preview:large","max-video-preview":"max-video-preview:-1"},"canonical":"https:\/\/www.cashscope.es\/en\/aviso-legal\/","og_locale":"en_US","og_type":"article","og_title":"Aviso legal - CASHSCOPE SOLUTIONS","og_description":"Aviso legal de CASHSCOPE SOLUTIONS","og_url":"https:\/\/www.cashscope.es\/en\/aviso-legal\/","og_site_name":"CASHSCOPE SOLUTIONS","article_modified_time":"2023-11-05T16:42:47+00:00","twitter_card":"summary_large_image","schema":{"@context":"https:\/\/schema.org","@graph":[{"@type":"WebPage","@id":"https:\/\/www.cashscope.es\/aviso-legal\/","url":"https:\/\/www.cashscope.es\/aviso-legal\/","name":"Aviso legal - CASHSCOPE SOLUTIONS","isPartOf":{"@id":"https:\/\/www.cashscope.es\/#website"},"datePublished":"2023-03-01T12:36:51+00:00","dateModified":"2023-11-05T16:42:47+00:00","description":"Aviso legal de CASHSCOPE SOLUTIONS","breadcrumb":{"@id":"https:\/\/www.cashscope.es\/aviso-legal\/#breadcrumb"},"inLanguage":"en-US","potentialAction":[{"@type":"ReadAction","target":["https:\/\/www.cashscope.es\/aviso-legal\/"]}]},{"@type":"BreadcrumbList","@id":"https:\/\/www.cashscope.es\/aviso-legal\/#breadcrumb","itemListElement":[{"@type":"ListItem","position":1,"name":"Inicio","item":"https:\/\/www.cashscope.es\/"},{"@type":"ListItem","position":2,"name":"Aviso legal"}]},{"@type":"WebSite","@id":"https:\/\/www.cashscope.es\/#website","url":"https:\/\/www.cashscope.es\/","name":"CASHSCOPE SOLUTIONS","description":"Descripci\u00f3n de la web","potentialAction":[{"@type":"SearchAction","target":{"@type":"EntryPoint","urlTemplate":"https:\/\/www.cashscope.es\/?s={search_term_string}"},"query-input":{"@type":"PropertyValueSpecification","valueRequired":true,"valueName":"search_term_string"}}],"inLanguage":"en-US"}]}},"_links":{"self":[{"href":"https:\/\/www.cashscope.es\/en\/wp-json\/wp\/v2\/pages\/75","targetHints":{"allow":["GET"]}}],"collection":[{"href":"https:\/\/www.cashscope.es\/en\/wp-json\/wp\/v2\/pages"}],"about":[{"href":"https:\/\/www.cashscope.es\/en\/wp-json\/wp\/v2\/types\/page"}],"author":[{"embeddable":true,"href":"https:\/\/www.cashscope.es\/en\/wp-json\/wp\/v2\/users\/1"}],"replies":[{"embeddable":true,"href":"https:\/\/www.cashscope.es\/en\/wp-json\/wp\/v2\/comments?post=75"}],"version-history":[{"count":1,"href":"https:\/\/www.cashscope.es\/en\/wp-json\/wp\/v2\/pages\/75\/revisions"}],"predecessor-version":[{"id":397,"href":"https:\/\/www.cashscope.es\/en\/wp-json\/wp\/v2\/pages\/75\/revisions\/397"}],"wp:attachment":[{"href":"https:\/\/www.cashscope.es\/en\/wp-json\/wp\/v2\/media?parent=75"}],"curies":[{"name":"wp","href":"https:\/\/api.w.org\/{rel}","templated":true}]}}