{"id":429,"date":"2025-07-07T16:43:56","date_gmt":"2025-07-07T14:43:56","guid":{"rendered":"https:\/\/www.cashscope.es\/?page_id=429"},"modified":"2025-10-06T11:28:53","modified_gmt":"2025-10-06T09:28:53","slug":"inicio","status":"publish","type":"page","link":"https:\/\/www.cashscope.es\/en\/","title":{"rendered":"Inicio"},"content":{"rendered":"<div data-elementor-type=\"wp-page\" data-elementor-id=\"429\" class=\"elementor elementor-429\" data-elementor-post-type=\"page\">\n\t\t\t\t<div class=\"elementor-element elementor-element-18cae1b2 e-flex e-con-boxed e-con e-parent\" data-id=\"18cae1b2\" data-element_type=\"container\" data-e-type=\"container\" data-settings=\"{&quot;background_background&quot;:&quot;classic&quot;}\">\n\t\t\t\t\t<div class=\"e-con-inner\">\n\t\t\t\t<div class=\"elementor-element elementor-element-76f06b90 elementor-invisible elementor-widget elementor-widget-heading\" data-id=\"76f06b90\" data-element_type=\"widget\" data-e-type=\"widget\" data-settings=\"{&quot;_animation&quot;:&quot;fadeInUp&quot;}\" data-widget_type=\"heading.default\">\n\t\t\t\t<div class=\"elementor-widget-container\">\n\t\t\t\t\t<div class=\"elementor-heading-title elementor-size-default\">Inversiones inmobiliarias globales<\/div>\t\t\t\t<\/div>\n\t\t\t\t<\/div>\n\t\t\t\t<div class=\"elementor-element elementor-element-2c9806bf elementor-invisible elementor-widget elementor-widget-heading\" data-id=\"2c9806bf\" data-element_type=\"widget\" data-e-type=\"widget\" data-settings=\"{&quot;_animation&quot;:&quot;fadeInUp&quot;}\" data-widget_type=\"heading.default\">\n\t\t\t\t<div class=\"elementor-widget-container\">\n\t\t\t\t\t<h1 class=\"elementor-heading-title elementor-size-default\">Cashscope Solutions<\/h1>\t\t\t\t<\/div>\n\t\t\t\t<\/div>\n\t\t\t\t<div class=\"elementor-element elementor-element-1ebc8d55 elementor-invisible elementor-widget elementor-widget-text-editor\" data-id=\"1ebc8d55\" data-element_type=\"widget\" data-e-type=\"widget\" data-settings=\"{&quot;_animation&quot;:&quot;fadeInUp&quot;}\" data-widget_type=\"text-editor.default\">\n\t\t\t\t<div class=\"elementor-widget-container\">\n\t\t\t\t\t\t\t\t\t<p class=\"p1\">Oportunidades de inversi\u00f3n en rentabilidad, dise\u00f1adas para el inversor con visi\u00f3n internacional.<\/p>\t\t\t\t\t\t\t\t<\/div>\n\t\t\t\t<\/div>\n\t\t\t\t\t<\/div>\n\t\t\t\t<\/div>\n\t\t<div class=\"elementor-element elementor-element-3efd5d63 e-flex e-con-boxed e-con e-parent\" data-id=\"3efd5d63\" data-element_type=\"container\" data-e-type=\"container\">\n\t\t\t\t\t<div class=\"e-con-inner\">\n\t\t<div class=\"elementor-element elementor-element-27bc8333 e-con-full e-flex e-con e-child\" data-id=\"27bc8333\" data-element_type=\"container\" data-e-type=\"container\">\n\t\t\t\t<div class=\"elementor-element elementor-element-49d6eb2b elementor-invisible elementor-widget elementor-widget-heading\" data-id=\"49d6eb2b\" data-element_type=\"widget\" data-e-type=\"widget\" data-settings=\"{&quot;_animation&quot;:&quot;fadeInUp&quot;}\" data-widget_type=\"heading.default\">\n\t\t\t\t<div class=\"elementor-widget-container\">\n\t\t\t\t\t<div class=\"elementor-heading-title elementor-size-default\">Qui\u00e9nes somos<\/div>\t\t\t\t<\/div>\n\t\t\t\t<\/div>\n\t\t\t\t<div class=\"elementor-element elementor-element-432653af elementor-invisible elementor-widget elementor-widget-heading\" data-id=\"432653af\" data-element_type=\"widget\" data-e-type=\"widget\" data-settings=\"{&quot;_animation&quot;:&quot;fadeInUp&quot;}\" data-widget_type=\"heading.default\">\n\t\t\t\t<div class=\"elementor-widget-container\">\n\t\t\t\t\t<h2 class=\"elementor-heading-title elementor-size-default\">Especialistas en activos inmobiliarios en rentabilidad<\/h2>\t\t\t\t<\/div>\n\t\t\t\t<\/div>\n\t\t\t\t<div class=\"elementor-element elementor-element-d6007d5 elementor-invisible elementor-widget elementor-widget-text-editor\" data-id=\"d6007d5\" data-element_type=\"widget\" data-e-type=\"widget\" data-settings=\"{&quot;_animation&quot;:&quot;fadeInUp&quot;}\" data-widget_type=\"text-editor.default\">\n\t\t\t\t<div class=\"elementor-widget-container\">\n\t\t\t\t\t\t\t\t\t<p class=\"p1\">En <span class=\"s1\"><b>Cashscope Solutions<\/b><\/span> conectamos inversores con activos inmobiliarios de alto potencial, procedentes de entidades financieras y promotores. Nuestro enfoque se basa en el an\u00e1lisis minucioso de cada operaci\u00f3n para garantizar la m\u00e1xima rentabilidad desde el primer d\u00eda.<\/p><p class=\"p1\">Con presencia en Espa\u00f1a y Reino Unido, ofrecemos un puente directo entre oportunidades exclusivas y capital internacional, gestionando todo el proceso de forma profesional, transparente y orientada a resultados.<\/p>\t\t\t\t\t\t\t\t<\/div>\n\t\t\t\t<\/div>\n\t\t<div class=\"elementor-element elementor-element-1e593eaa e-flex e-con-boxed e-con e-child\" data-id=\"1e593eaa\" data-element_type=\"container\" data-e-type=\"container\">\n\t\t\t\t\t<div class=\"e-con-inner\">\n\t\t\t\t<div class=\"elementor-element elementor-element-ddc46a0 elementor-align-justify elementor-invisible elementor-widget elementor-widget-button\" data-id=\"ddc46a0\" data-element_type=\"widget\" data-e-type=\"widget\" data-settings=\"{&quot;_animation&quot;:&quot;fadeInUp&quot;}\" data-widget_type=\"button.default\">\n\t\t\t\t<div class=\"elementor-widget-container\">\n\t\t\t\t\t\t\t\t\t<div class=\"elementor-button-wrapper\">\n\t\t\t\t\t<a class=\"elementor-button elementor-button-link elementor-size-sm\" href=\"https:\/\/www.cashscope.es\/en\/servicios\/\">\n\t\t\t\t\t\t<span class=\"elementor-button-content-wrapper\">\n\t\t\t\t\t\t<span class=\"elementor-button-icon\">\n\t\t\t\t<i aria-hidden=\"true\" class=\"fas fa-arrow-right\"><\/i>\t\t\t<\/span>\n\t\t\t\t\t\t\t\t\t<span class=\"elementor-button-text\">Nuestros servicios<\/span>\n\t\t\t\t\t<\/span>\n\t\t\t\t\t<\/a>\n\t\t\t\t<\/div>\n\t\t\t\t\t\t\t\t<\/div>\n\t\t\t\t<\/div>\n\t\t\t\t\t<\/div>\n\t\t\t\t<\/div>\n\t\t\t\t<\/div>\n\t\t<div class=\"elementor-element elementor-element-59fe1ced e-con-full e-flex e-con e-child\" data-id=\"59fe1ced\" data-element_type=\"container\" data-e-type=\"container\">\n\t\t\t\t<div class=\"elementor-element elementor-element-503793c5 elementor-invisible elementor-widget elementor-widget-image\" data-id=\"503793c5\" data-element_type=\"widget\" data-e-type=\"widget\" data-settings=\"{&quot;_animation&quot;:&quot;fadeInUp&quot;}\" data-widget_type=\"image.default\">\n\t\t\t\t<div class=\"elementor-widget-container\">\n\t\t\t\t\t\t\t\t\t\t\t\t\t\t\t<img fetchpriority=\"high\" decoding=\"async\" width=\"1200\" height=\"1200\" src=\"https:\/\/www.cashscope.es\/wp-content\/uploads\/2025\/08\/the-office-district-in-bilbao-spain-1-of-4-2024-05-27-01-58-55-utc.jpg\" class=\"attachment-full size-full wp-image-583\" alt=\"Esquina de edificio moderno con fachada de vidrio y balcones en gris claro.\" srcset=\"https:\/\/www.cashscope.es\/wp-content\/uploads\/2025\/08\/the-office-district-in-bilbao-spain-1-of-4-2024-05-27-01-58-55-utc.jpg 1200w, https:\/\/www.cashscope.es\/wp-content\/uploads\/2025\/08\/the-office-district-in-bilbao-spain-1-of-4-2024-05-27-01-58-55-utc-300x300.jpg 300w, https:\/\/www.cashscope.es\/wp-content\/uploads\/2025\/08\/the-office-district-in-bilbao-spain-1-of-4-2024-05-27-01-58-55-utc-1024x1024.jpg 1024w, https:\/\/www.cashscope.es\/wp-content\/uploads\/2025\/08\/the-office-district-in-bilbao-spain-1-of-4-2024-05-27-01-58-55-utc-150x150.jpg 150w, https:\/\/www.cashscope.es\/wp-content\/uploads\/2025\/08\/the-office-district-in-bilbao-spain-1-of-4-2024-05-27-01-58-55-utc-768x768.jpg 768w, https:\/\/www.cashscope.es\/wp-content\/uploads\/2025\/08\/the-office-district-in-bilbao-spain-1-of-4-2024-05-27-01-58-55-utc-12x12.jpg 12w\" sizes=\"(max-width: 1200px) 100vw, 1200px\" \/>\t\t\t\t\t\t\t\t\t\t\t\t\t\t\t<\/div>\n\t\t\t\t<\/div>\n\t\t\t\t<\/div>\n\t\t\t\t\t<\/div>\n\t\t\t\t<\/div>\n\t\t<div class=\"elementor-element elementor-element-36e7a30b e-flex e-con-boxed e-con e-parent\" data-id=\"36e7a30b\" data-element_type=\"container\" data-e-type=\"container\" data-settings=\"{&quot;background_background&quot;:&quot;classic&quot;}\">\n\t\t\t\t\t<div class=\"e-con-inner\">\n\t\t\t\t<div class=\"elementor-element elementor-element-6fa05eb1 elementor-invisible elementor-widget elementor-widget-heading\" data-id=\"6fa05eb1\" data-element_type=\"widget\" data-e-type=\"widget\" data-settings=\"{&quot;_animation&quot;:&quot;fadeInUp&quot;}\" data-widget_type=\"heading.default\">\n\t\t\t\t<div class=\"elementor-widget-container\">\n\t\t\t\t\t<div class=\"elementor-heading-title elementor-size-default\">Nuestra propuesta de valor<\/div>\t\t\t\t<\/div>\n\t\t\t\t<\/div>\n\t\t\t\t<div class=\"elementor-element elementor-element-365c1322 elementor-invisible elementor-widget elementor-widget-heading\" data-id=\"365c1322\" data-element_type=\"widget\" data-e-type=\"widget\" data-settings=\"{&quot;_animation&quot;:&quot;fadeInUp&quot;}\" data-widget_type=\"heading.default\">\n\t\t\t\t<div class=\"elementor-widget-container\">\n\t\t\t\t\t<h2 class=\"elementor-heading-title elementor-size-default\">Invertir con seguridad y visi\u00f3n a largo plazo<\/h2>\t\t\t\t<\/div>\n\t\t\t\t<\/div>\n\t\t<div class=\"elementor-element elementor-element-4ae1a00 e-flex e-con-boxed e-con e-child\" data-id=\"4ae1a00\" data-element_type=\"container\" data-e-type=\"container\">\n\t\t\t\t\t<div class=\"e-con-inner\">\n\t\t<div class=\"elementor-element elementor-element-63043cfe e-flex e-con-boxed e-con e-child\" data-id=\"63043cfe\" data-element_type=\"container\" data-e-type=\"container\">\n\t\t\t\t\t<div class=\"e-con-inner\">\n\t\t\t\t<div class=\"elementor-element elementor-element-5283b685 elementor-invisible elementor-widget elementor-widget-icon-box\" data-id=\"5283b685\" data-element_type=\"widget\" data-e-type=\"widget\" data-settings=\"{&quot;_animation&quot;:&quot;fadeInUp&quot;}\" data-widget_type=\"icon-box.default\">\n\t\t\t\t<div class=\"elementor-widget-container\">\n\t\t\t\t\t\t\t<div class=\"elementor-icon-box-wrapper\">\n\n\t\t\t\n\t\t\t\t\t\t<div class=\"elementor-icon-box-content\">\n\n\t\t\t\t\t\t\t\t\t<h3 class=\"elementor-icon-box-title\">\n\t\t\t\t\t\t<span  >\n\t\t\t\t\t\t\tSelecci\u00f3n estrat\u00e9gica\t\t\t\t\t\t<\/span>\n\t\t\t\t\t<\/h3>\n\t\t\t\t\n\t\t\t\t\t\t\t\t\t<p class=\"elementor-icon-box-description\">\n\t\t\t\t\t\tIdentificamos activos \u00fanicos, con ubicaciones y caracter\u00edsticas que garantizan estabilidad y potencial de crecimiento.\t\t\t\t\t<\/p>\n\t\t\t\t\n\t\t\t<\/div>\n\t\t\t\n\t\t<\/div>\n\t\t\t\t\t\t<\/div>\n\t\t\t\t<\/div>\n\t\t\t\t\t<\/div>\n\t\t\t\t<\/div>\n\t\t<div class=\"elementor-element elementor-element-3c2168 e-flex e-con-boxed e-con e-child\" data-id=\"3c2168\" data-element_type=\"container\" data-e-type=\"container\">\n\t\t\t\t\t<div class=\"e-con-inner\">\n\t\t\t\t<div class=\"elementor-element elementor-element-7ce9423b elementor-invisible elementor-widget elementor-widget-icon-box\" data-id=\"7ce9423b\" data-element_type=\"widget\" data-e-type=\"widget\" data-settings=\"{&quot;_animation&quot;:&quot;fadeInUp&quot;}\" data-widget_type=\"icon-box.default\">\n\t\t\t\t<div class=\"elementor-widget-container\">\n\t\t\t\t\t\t\t<div class=\"elementor-icon-box-wrapper\">\n\n\t\t\t\n\t\t\t\t\t\t<div class=\"elementor-icon-box-content\">\n\n\t\t\t\t\t\t\t\t\t<h3 class=\"elementor-icon-box-title\">\n\t\t\t\t\t\t<span  >\n\t\t\t\t\t\t\tAn\u00e1lisis en profundidad\t\t\t\t\t\t<\/span>\n\t\t\t\t\t<\/h3>\n\t\t\t\t\n\t\t\t\t\t\t\t\t\t<p class=\"elementor-icon-box-description\">\n\t\t\t\t\t\tEstudiamos cada operaci\u00f3n desde el punto de vista financiero, comercial y legal para reducir riesgos.\t\t\t\t\t<\/p>\n\t\t\t\t\n\t\t\t<\/div>\n\t\t\t\n\t\t<\/div>\n\t\t\t\t\t\t<\/div>\n\t\t\t\t<\/div>\n\t\t\t\t\t<\/div>\n\t\t\t\t<\/div>\n\t\t<div class=\"elementor-element elementor-element-a2e20dc e-flex e-con-boxed e-con e-child\" data-id=\"a2e20dc\" data-element_type=\"container\" data-e-type=\"container\">\n\t\t\t\t\t<div class=\"e-con-inner\">\n\t\t\t\t<div class=\"elementor-element elementor-element-443cd65c elementor-invisible elementor-widget elementor-widget-icon-box\" data-id=\"443cd65c\" data-element_type=\"widget\" data-e-type=\"widget\" data-settings=\"{&quot;_animation&quot;:&quot;fadeInUp&quot;}\" data-widget_type=\"icon-box.default\">\n\t\t\t\t<div class=\"elementor-widget-container\">\n\t\t\t\t\t\t\t<div class=\"elementor-icon-box-wrapper\">\n\n\t\t\t\n\t\t\t\t\t\t<div class=\"elementor-icon-box-content\">\n\n\t\t\t\t\t\t\t\t\t<h3 class=\"elementor-icon-box-title\">\n\t\t\t\t\t\t<span  >\n\t\t\t\t\t\t\tGesti\u00f3n integral\t\t\t\t\t\t<\/span>\n\t\t\t\t\t<\/h3>\n\t\t\t\t\n\t\t\t\t\t\t\t\t\t<p class=\"elementor-icon-box-description\">\n\t\t\t\t\t\tAcompa\u00f1amos al inversor en todas las fases, desde la adquisici\u00f3n hasta la explotaci\u00f3n del activo.\t\t\t\t\t<\/p>\n\t\t\t\t\n\t\t\t<\/div>\n\t\t\t\n\t\t<\/div>\n\t\t\t\t\t\t<\/div>\n\t\t\t\t<\/div>\n\t\t\t\t\t<\/div>\n\t\t\t\t<\/div>\n\t\t\t\t\t<\/div>\n\t\t\t\t<\/div>\n\t\t\t\t\t<\/div>\n\t\t\t\t<\/div>\n\t\t<div class=\"elementor-element elementor-element-50a21e23 e-flex e-con-boxed e-con e-parent\" data-id=\"50a21e23\" data-element_type=\"container\" data-e-type=\"container\">\n\t\t\t\t\t<div class=\"e-con-inner\">\n\t\t<div class=\"elementor-element elementor-element-6c5f1433 e-con-full e-flex e-con e-child\" data-id=\"6c5f1433\" data-element_type=\"container\" data-e-type=\"container\">\n\t\t\t\t<div class=\"elementor-element elementor-element-4ee45419 elementor-invisible elementor-widget elementor-widget-image\" data-id=\"4ee45419\" data-element_type=\"widget\" data-e-type=\"widget\" data-settings=\"{&quot;_animation&quot;:&quot;fadeInUp&quot;}\" data-widget_type=\"image.default\">\n\t\t\t\t<div class=\"elementor-widget-container\">\n\t\t\t\t\t\t\t\t\t\t\t\t\t\t\t<img decoding=\"async\" width=\"1200\" height=\"1200\" src=\"https:\/\/www.cashscope.es\/wp-content\/uploads\/2025\/08\/modern-office-buildings-2025-01-29-07-30-25-utc.jpg\" class=\"attachment-full size-full wp-image-586\" alt=\"Esquina de oficinas modernas en rascacielos de cristal en un distrito financiero.\" srcset=\"https:\/\/www.cashscope.es\/wp-content\/uploads\/2025\/08\/modern-office-buildings-2025-01-29-07-30-25-utc.jpg 1200w, https:\/\/www.cashscope.es\/wp-content\/uploads\/2025\/08\/modern-office-buildings-2025-01-29-07-30-25-utc-300x300.jpg 300w, https:\/\/www.cashscope.es\/wp-content\/uploads\/2025\/08\/modern-office-buildings-2025-01-29-07-30-25-utc-1024x1024.jpg 1024w, https:\/\/www.cashscope.es\/wp-content\/uploads\/2025\/08\/modern-office-buildings-2025-01-29-07-30-25-utc-150x150.jpg 150w, https:\/\/www.cashscope.es\/wp-content\/uploads\/2025\/08\/modern-office-buildings-2025-01-29-07-30-25-utc-768x768.jpg 768w, https:\/\/www.cashscope.es\/wp-content\/uploads\/2025\/08\/modern-office-buildings-2025-01-29-07-30-25-utc-12x12.jpg 12w\" sizes=\"(max-width: 1200px) 100vw, 1200px\" \/>\t\t\t\t\t\t\t\t\t\t\t\t\t\t\t<\/div>\n\t\t\t\t<\/div>\n\t\t\t\t<\/div>\n\t\t<div class=\"elementor-element elementor-element-601b878b e-con-full e-flex e-con e-child\" data-id=\"601b878b\" data-element_type=\"container\" data-e-type=\"container\">\n\t\t\t\t<div class=\"elementor-element elementor-element-6e36b138 elementor-invisible elementor-widget elementor-widget-heading\" data-id=\"6e36b138\" data-element_type=\"widget\" data-e-type=\"widget\" data-settings=\"{&quot;_animation&quot;:&quot;fadeInUp&quot;}\" data-widget_type=\"heading.default\">\n\t\t\t\t<div class=\"elementor-widget-container\">\n\t\t\t\t\t<div class=\"elementor-heading-title elementor-size-default\">Enfoque de inversi\u00f3n<\/div>\t\t\t\t<\/div>\n\t\t\t\t<\/div>\n\t\t\t\t<div class=\"elementor-element elementor-element-47f7c3ab elementor-invisible elementor-widget elementor-widget-heading\" data-id=\"47f7c3ab\" data-element_type=\"widget\" data-e-type=\"widget\" data-settings=\"{&quot;_animation&quot;:&quot;fadeInUp&quot;}\" data-widget_type=\"heading.default\">\n\t\t\t\t<div class=\"elementor-widget-container\">\n\t\t\t\t\t<h2 class=\"elementor-heading-title elementor-size-default\">Value investing aplicado al sector inmobiliario<\/h2>\t\t\t\t<\/div>\n\t\t\t\t<\/div>\n\t\t\t\t<div class=\"elementor-element elementor-element-7eee2b04 elementor-invisible elementor-widget elementor-widget-text-editor\" data-id=\"7eee2b04\" data-element_type=\"widget\" data-e-type=\"widget\" data-settings=\"{&quot;_animation&quot;:&quot;fadeInUp&quot;}\" data-widget_type=\"text-editor.default\">\n\t\t\t\t<div class=\"elementor-widget-container\">\n\t\t\t\t\t\t\t\t\t<p class=\"p1\">Aprovechamos el contexto actual del mercado inmobiliario en Espa\u00f1a como una oportunidad para acceder a activos de calidad a precios competitivos, generando rentabilidades s\u00f3lidas y sostenibles.<\/p><p class=\"p1\">Nuestra metodolog\u00eda prioriza el an\u00e1lisis exhaustivo, la compra al mejor precio y la generaci\u00f3n de ingresos desde el inicio, ofreciendo a cada cliente la operaci\u00f3n que mejor se adapte a sus criterios de inversi\u00f3n.<\/p>\t\t\t\t\t\t\t\t<\/div>\n\t\t\t\t<\/div>\n\t\t\t\t<\/div>\n\t\t\t\t\t<\/div>\n\t\t\t\t<\/div>\n\t\t\t\t<\/div>","protected":false},"excerpt":{"rendered":"<p>Inversiones inmobiliarias globales Cashscope Solutions Oportunidades de inversi\u00f3n en rentabilidad, dise\u00f1adas para el inversor con visi\u00f3n internacional. Qui\u00e9nes somos Especialistas en activos inmobiliarios en rentabilidad En Cashscope Solutions conectamos inversores con activos inmobiliarios de alto potencial, procedentes de entidades financieras y promotores. Nuestro enfoque se basa en el an\u00e1lisis minucioso de cada operaci\u00f3n para garantizar [&hellip;]<\/p>\n","protected":false},"author":1,"featured_media":0,"parent":0,"menu_order":1,"comment_status":"closed","ping_status":"closed","template":"","meta":{"footnotes":""},"class_list":["post-429","page","type-page","status-publish","hentry"],"yoast_head":"<!-- This site is optimized with the Yoast SEO plugin v27.4 - https:\/\/yoast.com\/product\/yoast-seo-wordpress\/ -->\n<title>CASHSCOPE SOLUTIONS<\/title>\n<meta name=\"description\" content=\"Oportunidades de inversi\u00f3n inmobiliaria. Activos seleccionados, an\u00e1lisis financiero y gesti\u00f3n integral\" \/>\n<meta name=\"robots\" content=\"index, follow, max-snippet:-1, max-image-preview:large, max-video-preview:-1\" \/>\n<link rel=\"canonical\" href=\"https:\/\/www.cashscope.es\/en\/\" \/>\n<meta property=\"og:locale\" content=\"en_US\" \/>\n<meta property=\"og:type\" content=\"article\" \/>\n<meta property=\"og:title\" content=\"CASHSCOPE SOLUTIONS\" \/>\n<meta property=\"og:description\" content=\"Oportunidades de inversi\u00f3n inmobiliaria. Activos seleccionados, an\u00e1lisis financiero y gesti\u00f3n integral\" \/>\n<meta property=\"og:url\" content=\"https:\/\/www.cashscope.es\/en\/\" \/>\n<meta property=\"og:site_name\" content=\"CASHSCOPE SOLUTIONS\" \/>\n<meta property=\"article:modified_time\" content=\"2025-10-06T09:28:53+00:00\" \/>\n<meta property=\"og:image\" content=\"https:\/\/www.cashscope.es\/wp-content\/uploads\/2025\/08\/the-office-district-in-bilbao-spain-1-of-4-2024-05-27-01-58-55-utc.jpg\" \/>\n<meta name=\"twitter:card\" content=\"summary_large_image\" \/>\n<script type=\"application\/ld+json\" class=\"yoast-schema-graph\">{\"@context\":\"https:\\\/\\\/schema.org\",\"@graph\":[{\"@type\":\"WebPage\",\"@id\":\"https:\\\/\\\/www.cashscope.es\\\/\",\"url\":\"https:\\\/\\\/www.cashscope.es\\\/\",\"name\":\"CASHSCOPE SOLUTIONS\",\"isPartOf\":{\"@id\":\"https:\\\/\\\/www.cashscope.es\\\/#website\"},\"primaryImageOfPage\":{\"@id\":\"https:\\\/\\\/www.cashscope.es\\\/#primaryimage\"},\"image\":{\"@id\":\"https:\\\/\\\/www.cashscope.es\\\/#primaryimage\"},\"thumbnailUrl\":\"https:\\\/\\\/www.cashscope.es\\\/wp-content\\\/uploads\\\/2025\\\/08\\\/the-office-district-in-bilbao-spain-1-of-4-2024-05-27-01-58-55-utc.jpg\",\"datePublished\":\"2025-07-07T14:43:56+00:00\",\"dateModified\":\"2025-10-06T09:28:53+00:00\",\"description\":\"Oportunidades de inversi\u00f3n inmobiliaria. Activos seleccionados, an\u00e1lisis financiero y gesti\u00f3n integral\",\"breadcrumb\":{\"@id\":\"https:\\\/\\\/www.cashscope.es\\\/#breadcrumb\"},\"inLanguage\":\"en-US\",\"potentialAction\":[{\"@type\":\"ReadAction\",\"target\":[\"https:\\\/\\\/www.cashscope.es\\\/\"]}]},{\"@type\":\"ImageObject\",\"inLanguage\":\"en-US\",\"@id\":\"https:\\\/\\\/www.cashscope.es\\\/#primaryimage\",\"url\":\"https:\\\/\\\/www.cashscope.es\\\/wp-content\\\/uploads\\\/2025\\\/08\\\/the-office-district-in-bilbao-spain-1-of-4-2024-05-27-01-58-55-utc.jpg\",\"contentUrl\":\"https:\\\/\\\/www.cashscope.es\\\/wp-content\\\/uploads\\\/2025\\\/08\\\/the-office-district-in-bilbao-spain-1-of-4-2024-05-27-01-58-55-utc.jpg\"},{\"@type\":\"BreadcrumbList\",\"@id\":\"https:\\\/\\\/www.cashscope.es\\\/#breadcrumb\",\"itemListElement\":[{\"@type\":\"ListItem\",\"position\":1,\"name\":\"Inicio\",\"item\":\"https:\\\/\\\/www.cashscope.es\\\/\"},{\"@type\":\"ListItem\",\"position\":2,\"name\":\"Inicio\"}]},{\"@type\":\"WebSite\",\"@id\":\"https:\\\/\\\/www.cashscope.es\\\/#website\",\"url\":\"https:\\\/\\\/www.cashscope.es\\\/\",\"name\":\"CASHSCOPE SOLUTIONS\",\"description\":\"Descripci\u00f3n de la web\",\"potentialAction\":[{\"@type\":\"SearchAction\",\"target\":{\"@type\":\"EntryPoint\",\"urlTemplate\":\"https:\\\/\\\/www.cashscope.es\\\/?s={search_term_string}\"},\"query-input\":{\"@type\":\"PropertyValueSpecification\",\"valueRequired\":true,\"valueName\":\"search_term_string\"}}],\"inLanguage\":\"en-US\"}]}<\/script>\n<!-- \/ Yoast SEO plugin. -->","yoast_head_json":{"title":"CASHSCOPE SOLUTIONS","description":"Oportunidades de inversi\u00f3n inmobiliaria. Activos seleccionados, an\u00e1lisis financiero y gesti\u00f3n integral","robots":{"index":"index","follow":"follow","max-snippet":"max-snippet:-1","max-image-preview":"max-image-preview:large","max-video-preview":"max-video-preview:-1"},"canonical":"https:\/\/www.cashscope.es\/en\/","og_locale":"en_US","og_type":"article","og_title":"CASHSCOPE SOLUTIONS","og_description":"Oportunidades de inversi\u00f3n inmobiliaria. Activos seleccionados, an\u00e1lisis financiero y gesti\u00f3n integral","og_url":"https:\/\/www.cashscope.es\/en\/","og_site_name":"CASHSCOPE SOLUTIONS","article_modified_time":"2025-10-06T09:28:53+00:00","og_image":[{"url":"https:\/\/www.cashscope.es\/wp-content\/uploads\/2025\/08\/the-office-district-in-bilbao-spain-1-of-4-2024-05-27-01-58-55-utc.jpg","type":"","width":"","height":""}],"twitter_card":"summary_large_image","schema":{"@context":"https:\/\/schema.org","@graph":[{"@type":"WebPage","@id":"https:\/\/www.cashscope.es\/","url":"https:\/\/www.cashscope.es\/","name":"CASHSCOPE SOLUTIONS","isPartOf":{"@id":"https:\/\/www.cashscope.es\/#website"},"primaryImageOfPage":{"@id":"https:\/\/www.cashscope.es\/#primaryimage"},"image":{"@id":"https:\/\/www.cashscope.es\/#primaryimage"},"thumbnailUrl":"https:\/\/www.cashscope.es\/wp-content\/uploads\/2025\/08\/the-office-district-in-bilbao-spain-1-of-4-2024-05-27-01-58-55-utc.jpg","datePublished":"2025-07-07T14:43:56+00:00","dateModified":"2025-10-06T09:28:53+00:00","description":"Oportunidades de inversi\u00f3n inmobiliaria. Activos seleccionados, an\u00e1lisis financiero y gesti\u00f3n integral","breadcrumb":{"@id":"https:\/\/www.cashscope.es\/#breadcrumb"},"inLanguage":"en-US","potentialAction":[{"@type":"ReadAction","target":["https:\/\/www.cashscope.es\/"]}]},{"@type":"ImageObject","inLanguage":"en-US","@id":"https:\/\/www.cashscope.es\/#primaryimage","url":"https:\/\/www.cashscope.es\/wp-content\/uploads\/2025\/08\/the-office-district-in-bilbao-spain-1-of-4-2024-05-27-01-58-55-utc.jpg","contentUrl":"https:\/\/www.cashscope.es\/wp-content\/uploads\/2025\/08\/the-office-district-in-bilbao-spain-1-of-4-2024-05-27-01-58-55-utc.jpg"},{"@type":"BreadcrumbList","@id":"https:\/\/www.cashscope.es\/#breadcrumb","itemListElement":[{"@type":"ListItem","position":1,"name":"Inicio","item":"https:\/\/www.cashscope.es\/"},{"@type":"ListItem","position":2,"name":"Inicio"}]},{"@type":"WebSite","@id":"https:\/\/www.cashscope.es\/#website","url":"https:\/\/www.cashscope.es\/","name":"CASHSCOPE SOLUTIONS","description":"Descripci\u00f3n de la web","potentialAction":[{"@type":"SearchAction","target":{"@type":"EntryPoint","urlTemplate":"https:\/\/www.cashscope.es\/?s={search_term_string}"},"query-input":{"@type":"PropertyValueSpecification","valueRequired":true,"valueName":"search_term_string"}}],"inLanguage":"en-US"}]}},"_links":{"self":[{"href":"https:\/\/www.cashscope.es\/en\/wp-json\/wp\/v2\/pages\/429","targetHints":{"allow":["GET"]}}],"collection":[{"href":"https:\/\/www.cashscope.es\/en\/wp-json\/wp\/v2\/pages"}],"about":[{"href":"https:\/\/www.cashscope.es\/en\/wp-json\/wp\/v2\/types\/page"}],"author":[{"embeddable":true,"href":"https:\/\/www.cashscope.es\/en\/wp-json\/wp\/v2\/users\/1"}],"replies":[{"embeddable":true,"href":"https:\/\/www.cashscope.es\/en\/wp-json\/wp\/v2\/comments?post=429"}],"version-history":[{"count":39,"href":"https:\/\/www.cashscope.es\/en\/wp-json\/wp\/v2\/pages\/429\/revisions"}],"predecessor-version":[{"id":660,"href":"https:\/\/www.cashscope.es\/en\/wp-json\/wp\/v2\/pages\/429\/revisions\/660"}],"wp:attachment":[{"href":"https:\/\/www.cashscope.es\/en\/wp-json\/wp\/v2\/media?parent=429"}],"curies":[{"name":"wp","href":"https:\/\/api.w.org\/{rel}","templated":true}]}}